{"id":233,"date":"2026-04-27T16:48:35","date_gmt":"2026-04-27T14:48:35","guid":{"rendered":"https:\/\/shop.wunderwald.info\/?page_id=233"},"modified":"2026-04-28T16:39:33","modified_gmt":"2026-04-28T14:39:33","slug":"syntesis","status":"publish","type":"page","link":"https:\/\/shop.wunderwald.info\/","title":{"rendered":"Syntesis"},"content":{"rendered":"\t\t<div data-elementor-type=\"wp-page\" data-elementor-id=\"233\" class=\"elementor elementor-233\" data-elementor-post-type=\"page\">\n\t\t\t\t<div class=\"elementor-element elementor-element-adfa0c2 e-con-full e-flex e-con e-parent\" data-id=\"adfa0c2\" data-element_type=\"container\" data-e-type=\"container\" data-settings=\"{&quot;background_background&quot;:&quot;classic&quot;}\">\n\t\t\t\t<div class=\"elementor-element elementor-element-59e1278 elementor-widget__width-initial elementor-widget elementor-widget-image\" data-id=\"59e1278\" data-element_type=\"widget\" data-e-type=\"widget\" data-widget_type=\"image.default\">\n\t\t\t\t\t\t\t\t\t\t\t\t\t\t\t<img decoding=\"async\" width=\"323\" height=\"97\" src=\"https:\/\/shop.wunderwald.info\/wp-content\/uploads\/2026\/04\/Syntesis_Logo_V01b.svg\" class=\"attachment-large size-large wp-image-517\" alt=\"\" \/>\t\t\t\t\t\t\t\t\t\t\t\t\t\t\t<\/div>\n\t\t\t\t<\/div>\n\t\t<div class=\"elementor-element elementor-element-e80590a e-con-full e-flex e-con e-parent\" data-id=\"e80590a\" data-element_type=\"container\" data-e-type=\"container\" data-settings=\"{&quot;background_background&quot;:&quot;classic&quot;}\">\n\t\t<div class=\"elementor-element elementor-element-2303efe e-con-full e-flex e-con e-child\" data-id=\"2303efe\" data-element_type=\"container\" data-e-type=\"container\" data-settings=\"{&quot;background_background&quot;:&quot;classic&quot;}\">\n\t\t<div class=\"elementor-element elementor-element-fc678a5 e-con-full e-flex e-con e-child\" data-id=\"fc678a5\" data-element_type=\"container\" data-e-type=\"container\" data-settings=\"{&quot;background_background&quot;:&quot;classic&quot;}\">\n\t\t\t\t<\/div>\n\t\t<div class=\"elementor-element elementor-element-ed7f4bc e-con-full e-flex e-con e-child\" data-id=\"ed7f4bc\" data-element_type=\"container\" data-e-type=\"container\" data-settings=\"{&quot;background_background&quot;:&quot;classic&quot;}\">\n\t\t\t\t<div class=\"elementor-element elementor-element-a465796 elementor-widget__width-initial elementor-widget elementor-widget-heading\" data-id=\"a465796\" data-element_type=\"widget\" data-e-type=\"widget\" data-widget_type=\"heading.default\">\n\t\t\t\t\t<h1 class=\"elementor-heading-title elementor-size-default\">Eberhard Hauser<\/h1>\t\t\t\t<\/div>\n\t\t\t\t<div class=\"elementor-element elementor-element-bf06741 elementor-widget elementor-widget-text-editor\" data-id=\"bf06741\" data-element_type=\"widget\" data-e-type=\"widget\" data-widget_type=\"text-editor.default\">\n\t\t\t\t\t\t\t\t\t<ul><li>Diplom-Psychologe<\/li><li>Gestalttherapeut<\/li><li>Gr\u00fcnder hauserconsulting, Augsburg<\/li><li>Deutscher Bundesverband Coaching DBVC (Gr\u00fcndungs- und Ehrenmitglied)<\/li><li>International Organization f\u00fcr Business Coaching IOBC (Gr\u00fcndungsmitglied)\u00a0<\/li><\/ul>\t\t\t\t\t\t\t\t<\/div>\n\t\t\t\t<\/div>\n\t\t\t\t<\/div>\n\t\t\t\t<\/div>\n\t\t<div class=\"elementor-element elementor-element-49d0cc7 e-flex e-con-boxed e-con e-parent\" data-id=\"49d0cc7\" data-element_type=\"container\" data-e-type=\"container\" data-settings=\"{&quot;background_background&quot;:&quot;classic&quot;}\">\n\t\t\t\t\t<div class=\"e-con-inner\">\n\t\t\t\t<div class=\"elementor-element elementor-element-499c71e elementor-widget__width-initial elementor-invisible elementor-widget elementor-widget-heading\" data-id=\"499c71e\" data-element_type=\"widget\" data-e-type=\"widget\" data-settings=\"{&quot;motion_fx_motion_fx_scrolling&quot;:&quot;yes&quot;,&quot;motion_fx_translateY_effect&quot;:&quot;yes&quot;,&quot;_animation&quot;:&quot;fadeIn&quot;,&quot;motion_fx_devices&quot;:[&quot;desktop&quot;,&quot;laptop&quot;,&quot;mobile&quot;],&quot;motion_fx_translateY_speed&quot;:{&quot;unit&quot;:&quot;px&quot;,&quot;size&quot;:4,&quot;sizes&quot;:[]},&quot;motion_fx_translateY_affectedRange&quot;:{&quot;unit&quot;:&quot;%&quot;,&quot;size&quot;:&quot;&quot;,&quot;sizes&quot;:{&quot;start&quot;:0,&quot;end&quot;:100}}}\" data-widget_type=\"heading.default\">\n\t\t\t\t\t<h2 class=\"elementor-heading-title elementor-size-default\"><span class=\"erstes-wort\">Syntesis<\/span> (von griech. \u03a3\u03cd\u03bd\u03b8\u03b5\u03c3\u03b9\u03c2) ist der Prozess, bei dem mehrere,\noft unterschiedliche Ideen, Elemente oder Komponenten zu einem neuen, zusammenh\u00e4ngenden Ganzen zusammengef\u00fcgt werden.<\/h2>\t\t\t\t<\/div>\n\t\t\t\t\t<\/div>\n\t\t\t\t<\/div>\n\t\t<div class=\"elementor-element elementor-element-52ead11 e-con-full e-flex e-con e-parent\" data-id=\"52ead11\" data-element_type=\"container\" data-e-type=\"container\" data-settings=\"{&quot;background_background&quot;:&quot;classic&quot;,&quot;animation&quot;:&quot;none&quot;}\">\n\t\t\t\t<\/div>\n\t\t<a class=\"elementor-element elementor-element-8964033 e-flex e-con-boxed e-con e-parent\" data-id=\"8964033\" data-element_type=\"container\" data-e-type=\"container\" data-settings=\"{&quot;background_background&quot;:&quot;classic&quot;}\" href=\"https:\/\/shop.wunderwald.info\/syntesis2\">\n\t\t\t\t\t<div class=\"e-con-inner\">\n\t\t\t\t<div class=\"elementor-element elementor-element-357b43f elementor-widget elementor-widget-text-editor\" data-id=\"357b43f\" data-element_type=\"widget\" data-e-type=\"widget\" data-widget_type=\"text-editor.default\">\n\t\t\t\t\t\t\t\t\t<p>Kontakt:\u00a0<\/p><p>info@syntesis.de\u00a0<\/p><p>xxx\u00a0<\/p><p>xxx\u00a0<\/p>\t\t\t\t\t\t\t\t<\/div>\n\t\t\t\t<div class=\"elementor-element elementor-element-068c2fd elementor-widget elementor-widget-text-editor\" data-id=\"068c2fd\" data-element_type=\"widget\" data-e-type=\"widget\" data-widget_type=\"text-editor.default\">\n\t\t\t\t\t\t\t\t\t<p>Weitere Aktionsfelder:&nbsp;<\/p>\n<p>www.hauserconsulting.com&nbsp;<\/p>\n<p>www.ebbyhauser.com&nbsp;<\/p>\n<p>www.zeitsicht.info&nbsp;<\/p>\t\t\t\t\t\t\t\t<\/div>\n\t\t\t\t\t<\/div>\n\t\t\t\t<\/a>\n\t\t\t\t<\/div>\n\t\t","protected":false},"excerpt":{"rendered":"<p>Eberhard Hauser Diplom-Psychologe Gestalttherapeut Gr\u00fcnder hauserconsulting, Augsburg Deutscher Bundesverband Coaching DBVC (Gr\u00fcndungs- und Ehrenmitglied) International Organization f\u00fcr Business Coaching IOBC (Gr\u00fcndungsmitglied)\u00a0 Syntesis (von griech. \u03a3\u03cd\u03bd\u03b8\u03b5\u03c3\u03b9\u03c2) ist der Prozess, bei dem mehrere, oft unterschiedliche Ideen, Elemente oder Komponenten zu einem neuen, zusammenh\u00e4ngenden Ganzen zusammengef\u00fcgt werden. Kontakt:\u00a0 info@syntesis.de\u00a0 xxx\u00a0 xxx\u00a0 Weitere Aktionsfelder:&nbsp; www.hauserconsulting.com&nbsp; www.ebbyhauser.com&nbsp; www.zeitsicht.info&nbsp;<\/p>\n","protected":false},"author":1,"featured_media":0,"parent":0,"menu_order":0,"comment_status":"closed","ping_status":"closed","template":"elementor_canvas","meta":{"footnotes":""},"class_list":["post-233","page","type-page","status-publish","hentry"],"_links":{"self":[{"href":"https:\/\/shop.wunderwald.info\/wp-json\/wp\/v2\/pages\/233","targetHints":{"allow":["GET"]}}],"collection":[{"href":"https:\/\/shop.wunderwald.info\/wp-json\/wp\/v2\/pages"}],"about":[{"href":"https:\/\/shop.wunderwald.info\/wp-json\/wp\/v2\/types\/page"}],"author":[{"embeddable":true,"href":"https:\/\/shop.wunderwald.info\/wp-json\/wp\/v2\/users\/1"}],"replies":[{"embeddable":true,"href":"https:\/\/shop.wunderwald.info\/wp-json\/wp\/v2\/comments?post=233"}],"version-history":[{"count":298,"href":"https:\/\/shop.wunderwald.info\/wp-json\/wp\/v2\/pages\/233\/revisions"}],"predecessor-version":[{"id":579,"href":"https:\/\/shop.wunderwald.info\/wp-json\/wp\/v2\/pages\/233\/revisions\/579"}],"wp:attachment":[{"href":"https:\/\/shop.wunderwald.info\/wp-json\/wp\/v2\/media?parent=233"}],"curies":[{"name":"wp","href":"https:\/\/api.w.org\/{rel}","templated":true}]}}